{"id":19,"date":"2014-11-06T20:50:52","date_gmt":"2014-11-07T01:50:52","guid":{"rendered":"http:\/\/www.ukawesxnasacxhab.org\/?page_id=19"},"modified":"2021-02-06T15:23:31","modified_gmt":"2021-02-06T20:23:31","slug":"directivos","status":"publish","type":"page","link":"https:\/\/www.ukawesxnasacxhab.org\/?page_id=19","title":{"rendered":"Misi\u00f3n"},"content":{"rendered":"\n<p class=\"has-text-align-justify\">La Asociaci\u00f3n de Cabildos Ukawe\u00b4Sx Nasa\u00a0 \u00c7xhab Sa\u2019th Tama Kiwe fortalece\u00a0 la autonom\u00eda y gobernabilidad ind\u00edgena en la zona Nor-oriente del departamento del Cauca, a trav\u00e9s de la planeaci\u00f3n comunitaria,\u00a0 el acompa\u00f1amiento\u00a0 de espacios comunitarios para la toma de decisiones,\u00a0 el ejercicio\u00a0 de los DDHH y los derechos colectivos territoriales; dinamiza el plan de vida zonal como instrumento de pol\u00edtica,\u00a0 gobierno y planeaci\u00f3n estrat\u00e9gica; promueve procesos de\u00a0 planeaci\u00f3n de proyectos y convenios, en concordancia con\u00a0 el plan de vida zonal y en este sentido, fomenta e impulsa\u00a0 con las comunidades proyectos sobre Derechos territoriales, DDHH, salud, educaci\u00f3n, cultura, vivienda, recreaci\u00f3n-deporte, agro productivos, agroindustriales,\u00a0 de comercializaci\u00f3n comunitaria, agua potable,\u00a0 en el respeto y\u00a0 cuidado de la madre tierra. La Asociaci\u00f3n De Cabildos Ukawe\u00b4Sx Nasa\u00a0 \u00c7xhab Sa\u2019th Tama kiwe\u00a0 sustenta su misi\u00f3n en enfoques de Derechos, Equidad y respeto\u00a0 a la Madre Tierra y la Cultura<\/p>\n","protected":false},"excerpt":{"rendered":"<p>La Asociaci\u00f3n de Cabildos Ukawe\u00b4Sx Nasa\u00a0 \u00c7xhab Sa\u2019th Tama Kiwe fortalece\u00a0 la autonom\u00eda y gobernabilidad ind\u00edgena en la zona Nor-oriente del departamento del Cauca, a trav\u00e9s de la planeaci\u00f3n comunitaria,\u00a0 el acompa\u00f1amiento\u00a0 de espacios comunitarios para la toma de decisiones,\u00a0 el ejercicio\u00a0 de los DDHH y los derechos colectivos territoriales; dinamiza el plan de vida [&hellip;]<\/p>\n","protected":false},"author":1,"featured_media":0,"parent":7,"menu_order":0,"comment_status":"closed","ping_status":"closed","template":"","meta":{"h5ap_radio_sources":[],"footnotes":""},"class_list":["post-19","page","type-page","status-publish","hentry"],"_links":{"self":[{"href":"https:\/\/www.ukawesxnasacxhab.org\/index.php?rest_route=\/wp\/v2\/pages\/19","targetHints":{"allow":["GET"]}}],"collection":[{"href":"https:\/\/www.ukawesxnasacxhab.org\/index.php?rest_route=\/wp\/v2\/pages"}],"about":[{"href":"https:\/\/www.ukawesxnasacxhab.org\/index.php?rest_route=\/wp\/v2\/types\/page"}],"author":[{"embeddable":true,"href":"https:\/\/www.ukawesxnasacxhab.org\/index.php?rest_route=\/wp\/v2\/users\/1"}],"replies":[{"embeddable":true,"href":"https:\/\/www.ukawesxnasacxhab.org\/index.php?rest_route=%2Fwp%2Fv2%2Fcomments&post=19"}],"version-history":[{"count":4,"href":"https:\/\/www.ukawesxnasacxhab.org\/index.php?rest_route=\/wp\/v2\/pages\/19\/revisions"}],"predecessor-version":[{"id":823,"href":"https:\/\/www.ukawesxnasacxhab.org\/index.php?rest_route=\/wp\/v2\/pages\/19\/revisions\/823"}],"up":[{"embeddable":true,"href":"https:\/\/www.ukawesxnasacxhab.org\/index.php?rest_route=\/wp\/v2\/pages\/7"}],"wp:attachment":[{"href":"https:\/\/www.ukawesxnasacxhab.org\/index.php?rest_route=%2Fwp%2Fv2%2Fmedia&parent=19"}],"curies":[{"name":"wp","href":"https:\/\/api.w.org\/{rel}","templated":true}]}}