{"id":21,"date":"2014-11-06T20:51:14","date_gmt":"2014-11-07T01:51:14","guid":{"rendered":"http:\/\/www.ukawesxnasacxhab.org\/?page_id=21"},"modified":"2021-02-06T15:27:08","modified_gmt":"2021-02-06T20:27:08","slug":"colaboradores","status":"publish","type":"page","link":"https:\/\/www.ukawesxnasacxhab.org\/?page_id=21","title":{"rendered":"Objetivo"},"content":{"rendered":"\n<p class=\"has-text-align-justify\">Velar por el mejoramiento social, econ\u00f3mico, cultural y el bienestar de las comunidades ind\u00edgenas del \u00e1mbito zonal,&nbsp; en el marco del ejercicio de derechos, el Plan de Vida y los principios de unidad, territorio, cultura y autonom\u00eda; Acorde a la cosmovisi\u00f3n Nasa, apoyar el reconocimiento y respeto de los usos y costumbres, valores culturales, bienes jur\u00eddicos, y administrativos propios;&nbsp; promover y apoyar procesos de gobernabilidad fundamentados en el Derecho Propio y&nbsp; acordes al desarrollo del Derecho Internacional sobre Derechos Humanos. A partir de las ense\u00f1anzas del mito de origen del pueblo Nasa, se plantean como una forma de regular el comportamiento y el buen vivir.<\/p>\n","protected":false},"excerpt":{"rendered":"<p>Velar por el mejoramiento social, econ\u00f3mico, cultural y el bienestar de las comunidades ind\u00edgenas del \u00e1mbito zonal,&nbsp; en el marco del ejercicio de derechos, el Plan de Vida y los principios de unidad, territorio, cultura y autonom\u00eda; Acorde a la cosmovisi\u00f3n Nasa, apoyar el reconocimiento y respeto de los usos y costumbres, valores culturales, bienes [&hellip;]<\/p>\n","protected":false},"author":1,"featured_media":0,"parent":7,"menu_order":1,"comment_status":"closed","ping_status":"closed","template":"","meta":{"h5ap_radio_sources":[],"footnotes":""},"class_list":["post-21","page","type-page","status-publish","hentry"],"_links":{"self":[{"href":"https:\/\/www.ukawesxnasacxhab.org\/index.php?rest_route=\/wp\/v2\/pages\/21","targetHints":{"allow":["GET"]}}],"collection":[{"href":"https:\/\/www.ukawesxnasacxhab.org\/index.php?rest_route=\/wp\/v2\/pages"}],"about":[{"href":"https:\/\/www.ukawesxnasacxhab.org\/index.php?rest_route=\/wp\/v2\/types\/page"}],"author":[{"embeddable":true,"href":"https:\/\/www.ukawesxnasacxhab.org\/index.php?rest_route=\/wp\/v2\/users\/1"}],"replies":[{"embeddable":true,"href":"https:\/\/www.ukawesxnasacxhab.org\/index.php?rest_route=%2Fwp%2Fv2%2Fcomments&post=21"}],"version-history":[{"count":3,"href":"https:\/\/www.ukawesxnasacxhab.org\/index.php?rest_route=\/wp\/v2\/pages\/21\/revisions"}],"predecessor-version":[{"id":824,"href":"https:\/\/www.ukawesxnasacxhab.org\/index.php?rest_route=\/wp\/v2\/pages\/21\/revisions\/824"}],"up":[{"embeddable":true,"href":"https:\/\/www.ukawesxnasacxhab.org\/index.php?rest_route=\/wp\/v2\/pages\/7"}],"wp:attachment":[{"href":"https:\/\/www.ukawesxnasacxhab.org\/index.php?rest_route=%2Fwp%2Fv2%2Fmedia&parent=21"}],"curies":[{"name":"wp","href":"https:\/\/api.w.org\/{rel}","templated":true}]}}