{"id":320,"date":"2019-04-09T18:16:44","date_gmt":"2019-04-09T23:16:44","guid":{"rendered":"http:\/\/www.ukawesxnasacxhab.org\/?page_id=320"},"modified":"2019-05-23T13:30:15","modified_gmt":"2019-05-23T18:30:15","slug":"reglamento","status":"publish","type":"page","link":"https:\/\/www.ukawesxnasacxhab.org\/?page_id=320","title":{"rendered":"Reglamento"},"content":{"rendered":"\n<p style=\"text-align:center\"><strong>REGLAMENTO PARA\nLA RENDICION DE CUENTAS ASOCIACION DE CABILDOS UKAW\u00b4ESX NASA C\u00b4XHAB IPSI<\/strong><\/p>\n\n\n\n<p>Con\nel fin de garantizar el buen desarrollo de la Asociaci\u00f3n de Cabildos Ind\u00edgenas\nUkaw\u00b4esx Nasa C\u00b4xhab IPSI, nombrar\u00e1 un moderador, coordinar el manejo de los\ntiempos e intervenciones de los participantes. &nbsp;Se determinan las siguientes funciones del\nmoderador:<\/p>\n\n\n\n<ul class=\"wp-block-list\"><li>Presentar\nel orden del d\u00eda, explicando brevemente con se tiene planeado como se\ndesarrolle. <\/li><li>Garantizar\nque todos los comuneros respecten el tiempo asignado. <\/li><li>Moderar\nque las intervenciones est\u00e9n relacionadas con la rendici\u00f3n de cuentas y la\npregunta inscrita; intervenciones en tem\u00e1ticas diferentes no ser\u00e1n permitidas a\nla rendici\u00f3n de cuenta no ser\u00e1n permitidas<\/li><li>Moderar\nel desarrollo de la Rendici\u00f3n de Cuentas.<\/li><li>Velar\nporque haya respecto frente a cada intervenci\u00f3n, as\u00ed como las opiniones,\ncomentarios, sugerencias, propuestas, preguntas y\/o reclamos que se presenten\nen desarrollo de cada una de las intervenciones. Es importante tener en cuenta\nque la Rendici\u00f3n de Cuentas es un ejercicio democr\u00e1tico que va redundar en el\nmejoramiento de las acciones que lleva a cabo la organizaci\u00f3n, y debe evitarse\nque se llegue a un debate. <\/li><li>Garantizar\nque la respuesta dada por la entidad, responda adecuadamente las opiniones,\ncomentarios, sugerencias, propuestas, preguntas y\/o reclamos que se presenten\nen desarrollo de cada una de las intervenciones. <\/li><\/ul>\n\n\n\n<p><strong>REGLAS DE LA RENDICION\nDE CUENTAS<\/strong><\/p>\n\n\n\n<p>1.\nEl d\u00eda de la rendici\u00f3n de cuenta los comuneros deber\u00e1n presentarse en el lugar escogido\npara tal fin con 15 (quince) minutos de antelaci\u00f3n a la hora programada. <\/p>\n\n\n\n<p>2.\nLos participantes firmaran la asistencia, formato para realizar preguntas y la\nevaluaci\u00f3n del evento. <\/p>\n\n\n\n<p>3.\nNo se permitir\u00e1 el ingreso de personas que est\u00e9n bajo la influencia del alcohol\no drogas. <\/p>\n\n\n\n<p>4.\nLos participantes no podr\u00e1n fomentar des\u00f3rdenes antes ni durante el desarrollo\nde la rendici\u00f3n de cuentas. <\/p>\n\n\n\n<ul class=\"wp-block-list\"><li>Los\ncomuneros que quieran intervenir y que no radicaron sus propuestas con\nanterioridad, podr\u00e1n hacerlo el d\u00eda de la rendici\u00f3n de cuentas, siempre y\ncuando cumplan con los siguientes par\u00e1metros:<\/li><\/ul>\n\n\n\n<ul class=\"wp-block-list\"><li>Diligenciar\nel formato para la inscripci\u00f3n de intervenciones, entregado por el encargado\ndel SIAU de la IPSI \u00f3 que podr\u00e1n descargar previamente de la p\u00e1gina Web: <a href=\"http:\/\/www.ukawesxnasacxhab.org\/\">http:\/\/www.ukawesxnasacxhab.org\/<\/a>&#8211; Entregar el formato\ndebidamente diligenciado con letra legible a los colaboradores que apoyan en el\nevento, quienes deber\u00e1n entregarlas inmediatamente al moderador de la Rendici\u00f3n\nde Cuentas. <\/li><\/ul>\n\n\n\n<p>5.\nEl Moderador del evento, clasificar\u00e1 y elegir\u00e1 las intervenciones a las que se\nles dar\u00e1 respuesta durante la audiencia, entreg\u00e1ndolas de manera oportuna a la Coordinadora\nGeneral de la IPSI Ukaw\u00b4esx Nasa Cx\u00b4hab IPSI, para que d\u00e9 respuesta.<\/p>\n\n\n\n<p>6.\nCierre y evaluaci\u00f3n de la rendici\u00f3n de cuentas: En esta secci\u00f3n se presentar\u00e1n\nlas conclusiones de la Coordinaci\u00f3n General y se orientar\u00e1 a los participantes\na diligenciar la encuesta de evaluaci\u00f3n de la jornada de rendici\u00f3n de cuentas,\nentregada al momento del ingreso. <\/p>\n\n\n\n<p>7.\nSi existen preguntas que no puedan responderse durante la rendici\u00f3n de cuentas quedar\u00e1n\nregistradas y consignadas, para luego ser respondidas en el Informe de\nSeguimiento a la Rendici\u00f3n de Cuentas. <\/p>\n\n\n\n<p>DESPU\u00c9S\nDE LA AUDIENCIA P\u00daBLICA DE RENDICI\u00d3N DE CUENTAS \n\nPara divulgar las conclusiones de la audiencia\np\u00fablica, se elabora un acta final de la audiencia p\u00fablica d\u00f3nde se resume lo\nexpuesto y los principales comentarios y preguntas recibidas de la ciudadan\u00eda\ndurante la audiencia, que ser\u00e1 publicada en la p\u00e1gina web de la instituci\u00f3n.\nCon base en las propuestas, quejas y expectativas planteadas por la ciudadan\u00eda,\nse formula un plan de mejoramiento, con el fin de mejorar y retroalimentar la\ngesti\u00f3n institucional y permitir a la comunidad establecer en qu\u00e9 medida sus\npropuestas o inquietudes son tenidas en cuenta por parte de la instituci\u00f3n.\nIgualmente, se presentar\u00e1 una evaluaci\u00f3n de la experiencia, basada en los\nresultados obtenidos de la encuesta de evaluaci\u00f3n. Este informe ser\u00e1 publicado\nen la p\u00e1gina Web de la Instituci\u00f3n. <a href=\"http:\/\/www.ukawesxnasacxhab.org\/\">http:\/\/www.ukawesxnasacxhab.org\/<\/a>&#8211;\n\n\n\n<\/p>\n","protected":false},"excerpt":{"rendered":"<p>REGLAMENTO PARA LA RENDICION DE CUENTAS ASOCIACION DE CABILDOS UKAW\u00b4ESX NASA C\u00b4XHAB IPSI Con el fin de garantizar el buen desarrollo de la Asociaci\u00f3n de Cabildos Ind\u00edgenas Ukaw\u00b4esx Nasa C\u00b4xhab IPSI, nombrar\u00e1 un moderador, coordinar el manejo de los tiempos e intervenciones de los participantes. &nbsp;Se determinan las siguientes funciones del moderador: Presentar el orden [&hellip;]<\/p>\n","protected":false},"author":1,"featured_media":0,"parent":318,"menu_order":0,"comment_status":"closed","ping_status":"closed","template":"","meta":{"h5ap_radio_sources":[],"footnotes":""},"class_list":["post-320","page","type-page","status-publish","hentry"],"_links":{"self":[{"href":"https:\/\/www.ukawesxnasacxhab.org\/index.php?rest_route=\/wp\/v2\/pages\/320","targetHints":{"allow":["GET"]}}],"collection":[{"href":"https:\/\/www.ukawesxnasacxhab.org\/index.php?rest_route=\/wp\/v2\/pages"}],"about":[{"href":"https:\/\/www.ukawesxnasacxhab.org\/index.php?rest_route=\/wp\/v2\/types\/page"}],"author":[{"embeddable":true,"href":"https:\/\/www.ukawesxnasacxhab.org\/index.php?rest_route=\/wp\/v2\/users\/1"}],"replies":[{"embeddable":true,"href":"https:\/\/www.ukawesxnasacxhab.org\/index.php?rest_route=%2Fwp%2Fv2%2Fcomments&post=320"}],"version-history":[{"count":2,"href":"https:\/\/www.ukawesxnasacxhab.org\/index.php?rest_route=\/wp\/v2\/pages\/320\/revisions"}],"predecessor-version":[{"id":371,"href":"https:\/\/www.ukawesxnasacxhab.org\/index.php?rest_route=\/wp\/v2\/pages\/320\/revisions\/371"}],"up":[{"embeddable":true,"href":"https:\/\/www.ukawesxnasacxhab.org\/index.php?rest_route=\/wp\/v2\/pages\/318"}],"wp:attachment":[{"href":"https:\/\/www.ukawesxnasacxhab.org\/index.php?rest_route=%2Fwp%2Fv2%2Fmedia&parent=320"}],"curies":[{"name":"wp","href":"https:\/\/api.w.org\/{rel}","templated":true}]}}