{"id":479,"date":"2020-04-07T09:06:33","date_gmt":"2020-04-07T14:06:33","guid":{"rendered":"http:\/\/www.ukawesxnasacxhab.org\/?page_id=479"},"modified":"2020-04-07T09:07:16","modified_gmt":"2020-04-07T14:07:16","slug":"479-2","status":"publish","type":"page","link":"https:\/\/www.ukawesxnasacxhab.org\/?page_id=479","title":{"rendered":"2019"},"content":{"rendered":"\n<figure class=\"wp-block-image\"><img loading=\"lazy\" decoding=\"async\" width=\"627\" height=\"124\" src=\"http:\/\/www.ukawesxnasacxhab.org\/wp-content\/uploads\/2019\/04\/rendicioncuentas.jpg\" alt=\"\" class=\"wp-image-327\" srcset=\"https:\/\/www.ukawesxnasacxhab.org\/wp-content\/uploads\/2019\/04\/rendicioncuentas.jpg 627w, https:\/\/www.ukawesxnasacxhab.org\/wp-content\/uploads\/2019\/04\/rendicioncuentas-300x59.jpg 300w\" sizes=\"auto, (max-width: 627px) 100vw, 627px\" \/><\/figure>\n\n\n\n<p style=\"text-align:center\"> <strong>CONVOCATORIA P\u00daBLICA AUDIENCIA P\u00daBLICA RENDICI\u00d3N DE CUENTAS A LA COMUNIDAD<\/strong> <\/p>\n\n\n\n<p style=\"text-align:right\"> Caldono, 07 de abril de 2020 <\/p>\n\n\n\n<p> La Asociaci\u00f3n de Cabildos Ukaw\u00b4esx Nasa C\u00b4xhab IPSI, convoca a la comunidad del Territorio Sath Tama Kiwe a participar de la Audiencia P\u00fablica de Rendici\u00f3n de Cuentas que se realizar\u00e1 el pr\u00f3ximo  Julio 02 de 2020 , a partir de las 9:00 a.m., en el Planta Procelulosa Asociaci\u00f3n de Cabildos Ukaw\u00b4esx Nasa C\u00b4xhab <\/p>\n\n\n\n<p>Es de resaltar que lo definido para el tema de rendici\u00f3n de cuentas se realiza en espera del avance positivo de la actual emergencia sanitaria Covid-19. y aclarando que conforme a ello, se presente dificultad o situaciones que impidan la realizaci\u00f3n. esta debe notificarse 20 d\u00edas calendarios antes a la fecha de realizaci\u00f3n <\/p>\n\n\n\n<p style=\"text-align:center\"><strong> Asociaci\u00f3n de Cabildos Ukaw\u00b4esx Nasa C\u00b4xhab <\/strong><\/p>\n","protected":false},"excerpt":{"rendered":"<p>CONVOCATORIA P\u00daBLICA AUDIENCIA P\u00daBLICA RENDICI\u00d3N DE CUENTAS A LA COMUNIDAD Caldono, 07 de abril de 2020 La Asociaci\u00f3n de Cabildos Ukaw\u00b4esx Nasa C\u00b4xhab IPSI, convoca a la comunidad del Territorio Sath Tama Kiwe a participar de la Audiencia P\u00fablica de Rendici\u00f3n de Cuentas que se realizar\u00e1 el pr\u00f3ximo Julio 02 de 2020 , a partir [&hellip;]<\/p>\n","protected":false},"author":1,"featured_media":0,"parent":313,"menu_order":0,"comment_status":"closed","ping_status":"closed","template":"","meta":{"h5ap_radio_sources":[],"footnotes":""},"class_list":["post-479","page","type-page","status-publish","hentry"],"_links":{"self":[{"href":"https:\/\/www.ukawesxnasacxhab.org\/index.php?rest_route=\/wp\/v2\/pages\/479","targetHints":{"allow":["GET"]}}],"collection":[{"href":"https:\/\/www.ukawesxnasacxhab.org\/index.php?rest_route=\/wp\/v2\/pages"}],"about":[{"href":"https:\/\/www.ukawesxnasacxhab.org\/index.php?rest_route=\/wp\/v2\/types\/page"}],"author":[{"embeddable":true,"href":"https:\/\/www.ukawesxnasacxhab.org\/index.php?rest_route=\/wp\/v2\/users\/1"}],"replies":[{"embeddable":true,"href":"https:\/\/www.ukawesxnasacxhab.org\/index.php?rest_route=%2Fwp%2Fv2%2Fcomments&post=479"}],"version-history":[{"count":2,"href":"https:\/\/www.ukawesxnasacxhab.org\/index.php?rest_route=\/wp\/v2\/pages\/479\/revisions"}],"predecessor-version":[{"id":481,"href":"https:\/\/www.ukawesxnasacxhab.org\/index.php?rest_route=\/wp\/v2\/pages\/479\/revisions\/481"}],"up":[{"embeddable":true,"href":"https:\/\/www.ukawesxnasacxhab.org\/index.php?rest_route=\/wp\/v2\/pages\/313"}],"wp:attachment":[{"href":"https:\/\/www.ukawesxnasacxhab.org\/index.php?rest_route=%2Fwp%2Fv2%2Fmedia&parent=479"}],"curies":[{"name":"wp","href":"https:\/\/api.w.org\/{rel}","templated":true}]}}