{"id":613,"date":"2020-06-04T12:30:54","date_gmt":"2020-06-04T17:30:54","guid":{"rendered":"https:\/\/www.ukawesxnasacxhab.org\/?page_id=613"},"modified":"2020-06-04T12:43:24","modified_gmt":"2020-06-04T17:43:24","slug":"nasa-fxyw-yucenj","status":"publish","type":"page","link":"https:\/\/www.ukawesxnasacxhab.org\/?page_id=613","title":{"rendered":"NASA FXYW YU\u00b4CE\u00b4NJ"},"content":{"rendered":"\n<h2 class=\"has-text-align-center wp-block-heading\"><strong>\u201cNASA FXYW YU\u00b4CE\u00b4NJ\u201d: Cuidado de la Semilla de Vida<\/strong><\/h2>\n\n\n\n<p>CONVENIO DE APORTE ENTRE EL INSTITUTO COLOMBIANO DE BIENESTAR FAMILIAR Y LA ASOCIACI\u00d3N DE CABILDOS UKAWESX NASA CXHAB DE CALDONO<\/p>\n\n\n\n<div class=\"wp-block-image\"><figure class=\"aligncenter size-large is-resized\"><img loading=\"lazy\" decoding=\"async\" src=\"https:\/\/www.ukawesxnasacxhab.org\/wp-content\/uploads\/2020\/06\/MILDIAS.png\" alt=\"\" class=\"wp-image-614\" width=\"281\" height=\"281\" srcset=\"https:\/\/www.ukawesxnasacxhab.org\/wp-content\/uploads\/2020\/06\/MILDIAS.png 640w, https:\/\/www.ukawesxnasacxhab.org\/wp-content\/uploads\/2020\/06\/MILDIAS-300x300.png 300w, https:\/\/www.ukawesxnasacxhab.org\/wp-content\/uploads\/2020\/06\/MILDIAS-150x150.png 150w\" sizes=\"auto, (max-width: 281px) 100vw, 281px\" \/><\/figure><\/div>\n\n\n\n<p class=\"has-text-align-justify\"><strong>OBJETIVO<\/strong>: Promover el desarrollo de las ni\u00f1as y los ni\u00f1os en sus mil primeros d\u00edas de vida, a trav\u00e9s de la implementaci\u00f3n de acciones que prevengan la desnutrici\u00f3n cr\u00f3nica mediante la promoci\u00f3n de condiciones adecuadas de nutrici\u00f3n y salud, al tiempo que se fortalecen las capacidades familiares que contribuyan a la generaci\u00f3n y promoci\u00f3n de entornos protectores.<\/p>\n\n\n\n<p class=\"has-text-align-justify\">Como Asocabildos tambi\u00e9n promovemos la autonom\u00eda alimentaria con capacitaciones a las familias beneficiarias en transformaci\u00f3n de alimentos propios, fortalecimiento del Thul, manejo y transformaci\u00f3n de residuos s\u00f3lidos para el cuidado del medio ambiente, implementaci\u00f3n de h\u00e1bitos de vida saludable<\/p>\n\n\n\n<p class=\"has-text-align-justify\"><strong>POBLACI\u00d3N ATENDIDA<\/strong>: Mujeres en periodo de gestaci\u00f3n con bajo peso para su edad&nbsp; gestacional y ni\u00f1os y ni\u00f1as con riesgo de desnutrici\u00f3n aguda<\/p>\n\n\n\n<p><strong>TIEMPO DE ATENCI\u00d3N Y ENTREGA DE COMPLEMENTOS ALIMENTARIOS<\/strong><\/p>\n\n\n\n<p class=\"has-text-align-justify\">Mujeres en periodo de gestaci\u00f3n con bajo peso para su edad&nbsp; gestacional: Desde la captaci\u00f3n hasta que el ni\u00f1o o ni\u00f1a nacido completa los seis meses de edad. Durante el tiempo de la atenci\u00f3n se realiza la entrega de una Raci\u00f3n Familiar Para Preparar<\/p>\n\n\n\n<p class=\"has-text-align-justify\">Ni\u00f1os y ni\u00f1as con riesgo de desnutrici\u00f3n aguda: cuatro meses. El primer mes consiste en la recuperaci\u00f3n del estado nutricional y los tres meses siguientes son de mantenimiento de ese estado. Durante la atenci\u00f3n en el primer mes se entrega un Alimento Listo Para Consumo (Vitalac), fuente alta en vitaminas, prote\u00ednas y minerales que contribuyen a la ganancia de peso; en los meses de mantenimiento se entrega la Raci\u00f3n Familiar Para Preparar<\/p>\n\n\n\n<div class=\"wp-block-group\"><div class=\"wp-block-group__inner-container is-layout-flow wp-block-group-is-layout-flow\">\n<div class=\"wp-block-jetpack-slideshow aligncenter\" data-autoplay=\"true\" data-delay=\"3\" data-effect=\"fade\"><div class=\"wp-block-jetpack-slideshow_container swiper-container\"><ul class=\"wp-block-jetpack-slideshow_swiper-wrapper swiper-wrapper\"><li class=\"wp-block-jetpack-slideshow_slide swiper-slide\"><figure><img loading=\"lazy\" decoding=\"async\" width=\"1024\" height=\"395\" alt=\"\" class=\"wp-block-jetpack-slideshow_image wp-image-615\" data-id=\"615\" src=\"https:\/\/www.ukawesxnasacxhab.org\/wp-content\/uploads\/2020\/06\/1-1024x395.jpg\" srcset=\"https:\/\/www.ukawesxnasacxhab.org\/wp-content\/uploads\/2020\/06\/1-1024x395.jpg 1024w, https:\/\/www.ukawesxnasacxhab.org\/wp-content\/uploads\/2020\/06\/1-300x116.jpg 300w, https:\/\/www.ukawesxnasacxhab.org\/wp-content\/uploads\/2020\/06\/1-768x296.jpg 768w, https:\/\/www.ukawesxnasacxhab.org\/wp-content\/uploads\/2020\/06\/1.jpg 1280w\" sizes=\"auto, (max-width: 1024px) 100vw, 1024px\" \/><\/figure><\/li><li class=\"wp-block-jetpack-slideshow_slide swiper-slide\"><figure><img loading=\"lazy\" decoding=\"async\" width=\"214\" height=\"300\" alt=\"\" class=\"wp-block-jetpack-slideshow_image wp-image-616\" data-id=\"616\" src=\"https:\/\/www.ukawesxnasacxhab.org\/wp-content\/uploads\/2020\/06\/2-214x300.jpg\" srcset=\"https:\/\/www.ukawesxnasacxhab.org\/wp-content\/uploads\/2020\/06\/2-214x300.jpg 214w, https:\/\/www.ukawesxnasacxhab.org\/wp-content\/uploads\/2020\/06\/2.jpg 441w\" sizes=\"auto, (max-width: 214px) 100vw, 214px\" \/><\/figure><\/li><li class=\"wp-block-jetpack-slideshow_slide swiper-slide\"><figure><img loading=\"lazy\" decoding=\"async\" width=\"279\" height=\"300\" alt=\"\" class=\"wp-block-jetpack-slideshow_image wp-image-617\" data-id=\"617\" src=\"https:\/\/www.ukawesxnasacxhab.org\/wp-content\/uploads\/2020\/06\/3-279x300.jpg\" srcset=\"https:\/\/www.ukawesxnasacxhab.org\/wp-content\/uploads\/2020\/06\/3-279x300.jpg 279w, https:\/\/www.ukawesxnasacxhab.org\/wp-content\/uploads\/2020\/06\/3.jpg 621w\" sizes=\"auto, (max-width: 279px) 100vw, 279px\" \/><\/figure><\/li><\/ul><a class=\"wp-block-jetpack-slideshow_button-prev swiper-button-prev swiper-button-white\" role=\"button\"><\/a><a class=\"wp-block-jetpack-slideshow_button-next swiper-button-next swiper-button-white\" role=\"button\"><\/a><a aria-label=\"Pause Slideshow\" class=\"wp-block-jetpack-slideshow_button-pause\" role=\"button\"><\/a><div class=\"wp-block-jetpack-slideshow_pagination swiper-pagination swiper-pagination-white\"><\/div><\/div><\/div>\n<\/div><\/div>\n\n\n\n<p><strong>TIPO DE ATENCION<\/strong>: seguimiento nutricional, psicosocial y de salud en casa. Encuentros grupales de las familias cada mes<\/p>\n\n\n\n<div class=\"wp-block-group\"><div class=\"wp-block-group__inner-container is-layout-flow wp-block-group-is-layout-flow\">\n<figure class=\"wp-block-gallery columns-4 is-cropped wp-block-gallery-1 is-layout-flex wp-block-gallery-is-layout-flex\"><ul class=\"blocks-gallery-grid\"><li class=\"blocks-gallery-item\"><figure><img loading=\"lazy\" decoding=\"async\" width=\"300\" height=\"225\" src=\"https:\/\/www.ukawesxnasacxhab.org\/wp-content\/uploads\/2020\/06\/4-300x225.jpg\" alt=\"\" data-id=\"618\" class=\"wp-image-618\" srcset=\"https:\/\/www.ukawesxnasacxhab.org\/wp-content\/uploads\/2020\/06\/4-300x225.jpg 300w, https:\/\/www.ukawesxnasacxhab.org\/wp-content\/uploads\/2020\/06\/4.jpg 699w\" sizes=\"auto, (max-width: 300px) 100vw, 300px\" \/><\/figure><\/li><li class=\"blocks-gallery-item\"><figure><img loading=\"lazy\" decoding=\"async\" width=\"225\" height=\"300\" src=\"https:\/\/www.ukawesxnasacxhab.org\/wp-content\/uploads\/2020\/06\/5-225x300.jpg\" alt=\"\" data-id=\"619\" class=\"wp-image-619\" srcset=\"https:\/\/www.ukawesxnasacxhab.org\/wp-content\/uploads\/2020\/06\/5-225x300.jpg 225w, https:\/\/www.ukawesxnasacxhab.org\/wp-content\/uploads\/2020\/06\/5-768x1024.jpg 768w, https:\/\/www.ukawesxnasacxhab.org\/wp-content\/uploads\/2020\/06\/5.jpg 780w\" sizes=\"auto, (max-width: 225px) 100vw, 225px\" \/><\/figure><\/li><li class=\"blocks-gallery-item\"><figure><img loading=\"lazy\" decoding=\"async\" width=\"300\" height=\"139\" src=\"https:\/\/www.ukawesxnasacxhab.org\/wp-content\/uploads\/2020\/06\/6-300x139.jpg\" alt=\"\" data-id=\"620\" class=\"wp-image-620\" srcset=\"https:\/\/www.ukawesxnasacxhab.org\/wp-content\/uploads\/2020\/06\/6-300x139.jpg 300w, https:\/\/www.ukawesxnasacxhab.org\/wp-content\/uploads\/2020\/06\/6-1024x473.jpg 1024w, https:\/\/www.ukawesxnasacxhab.org\/wp-content\/uploads\/2020\/06\/6-768x355.jpg 768w, https:\/\/www.ukawesxnasacxhab.org\/wp-content\/uploads\/2020\/06\/6.jpg 1032w\" sizes=\"auto, (max-width: 300px) 100vw, 300px\" \/><\/figure><\/li><li class=\"blocks-gallery-item\"><figure><img loading=\"lazy\" decoding=\"async\" width=\"300\" height=\"225\" src=\"https:\/\/www.ukawesxnasacxhab.org\/wp-content\/uploads\/2020\/06\/7-1-300x225.jpg\" alt=\"\" data-id=\"624\" class=\"wp-image-624\" srcset=\"https:\/\/www.ukawesxnasacxhab.org\/wp-content\/uploads\/2020\/06\/7-1-300x225.jpg 300w, https:\/\/www.ukawesxnasacxhab.org\/wp-content\/uploads\/2020\/06\/7-1-rotated.jpg 697w\" sizes=\"auto, (max-width: 300px) 100vw, 300px\" \/><\/figure><\/li><\/ul><\/figure>\n<\/div><\/div>\n\n\n\n<p class=\"has-text-align-center\"><strong>NUESTRO EQUIPO DE TRABAJO<\/strong><\/p>\n\n\n\n<p>1 Coordinador t\u00e9cnico-administrativo<\/p>\n\n\n\n<p>1 Nutricionista<\/p>\n\n\n\n<p>1 Trabajadora Social<\/p>\n\n\n\n<p>1 Auxiliar de Enfermer\u00eda<\/p>\n\n\n\n<p>3 Gestoras Comunitarias<\/p>\n\n\n\n<p>1 Apoyo Administrativo<\/p>\n\n\n\n<p><\/p>\n","protected":false},"excerpt":{"rendered":"<p>\u201cNASA FXYW YU\u00b4CE\u00b4NJ\u201d: Cuidado de la Semilla de Vida CONVENIO DE APORTE ENTRE EL INSTITUTO COLOMBIANO DE BIENESTAR FAMILIAR Y LA ASOCIACI\u00d3N DE CABILDOS UKAWESX NASA CXHAB DE CALDONO OBJETIVO: Promover el desarrollo de las ni\u00f1as y los ni\u00f1os en sus mil primeros d\u00edas de vida, a trav\u00e9s de la implementaci\u00f3n de acciones que prevengan [&hellip;]<\/p>\n","protected":false},"author":1,"featured_media":0,"parent":142,"menu_order":0,"comment_status":"closed","ping_status":"closed","template":"","meta":{"h5ap_radio_sources":[],"footnotes":""},"class_list":["post-613","page","type-page","status-publish","hentry"],"_links":{"self":[{"href":"https:\/\/www.ukawesxnasacxhab.org\/index.php?rest_route=\/wp\/v2\/pages\/613","targetHints":{"allow":["GET"]}}],"collection":[{"href":"https:\/\/www.ukawesxnasacxhab.org\/index.php?rest_route=\/wp\/v2\/pages"}],"about":[{"href":"https:\/\/www.ukawesxnasacxhab.org\/index.php?rest_route=\/wp\/v2\/types\/page"}],"author":[{"embeddable":true,"href":"https:\/\/www.ukawesxnasacxhab.org\/index.php?rest_route=\/wp\/v2\/users\/1"}],"replies":[{"embeddable":true,"href":"https:\/\/www.ukawesxnasacxhab.org\/index.php?rest_route=%2Fwp%2Fv2%2Fcomments&post=613"}],"version-history":[{"count":5,"href":"https:\/\/www.ukawesxnasacxhab.org\/index.php?rest_route=\/wp\/v2\/pages\/613\/revisions"}],"predecessor-version":[{"id":630,"href":"https:\/\/www.ukawesxnasacxhab.org\/index.php?rest_route=\/wp\/v2\/pages\/613\/revisions\/630"}],"up":[{"embeddable":true,"href":"https:\/\/www.ukawesxnasacxhab.org\/index.php?rest_route=\/wp\/v2\/pages\/142"}],"wp:attachment":[{"href":"https:\/\/www.ukawesxnasacxhab.org\/index.php?rest_route=%2Fwp%2Fv2%2Fmedia&parent=613"}],"curies":[{"name":"wp","href":"https:\/\/api.w.org\/{rel}","templated":true}]}}