{"id":833,"date":"2021-04-29T20:44:57","date_gmt":"2021-04-30T01:44:57","guid":{"rendered":"https:\/\/www.ukawesxnasacxhab.org\/?page_id=833"},"modified":"2021-07-01T17:25:53","modified_gmt":"2021-07-01T22:25:53","slug":"rendicion-de-cuentas-2020","status":"publish","type":"page","link":"https:\/\/www.ukawesxnasacxhab.org\/?page_id=833","title":{"rendered":"Rendici\u00f3n de Cuentas &#8211; 2020"},"content":{"rendered":"\n<figure class=\"wp-block-image size-large\"><a href=\"https:\/\/www.ukawesxnasacxhab.org\/wp-content\/uploads\/2019\/04\/rendicioncuentas.jpg\"><img loading=\"lazy\" decoding=\"async\" width=\"627\" height=\"124\" src=\"https:\/\/www.ukawesxnasacxhab.org\/wp-content\/uploads\/2019\/04\/rendicioncuentas.jpg\" alt=\"\" class=\"wp-image-327\" srcset=\"https:\/\/www.ukawesxnasacxhab.org\/wp-content\/uploads\/2019\/04\/rendicioncuentas.jpg 627w, https:\/\/www.ukawesxnasacxhab.org\/wp-content\/uploads\/2019\/04\/rendicioncuentas-300x59.jpg 300w\" sizes=\"auto, (max-width: 627px) 100vw, 627px\" \/><\/a><\/figure>\n\n\n\n<p class=\"has-text-align-center\"><strong>CONVOCATORIA P\u00daBLICA AUDIENCIA P\u00daBLICA RENDICION DE CUENTAS A LA COMUNIDAD<\/strong><\/p>\n\n\n\n<p>Caldono, 01 de abril de 2021<\/p>\n\n\n\n<p>La Asociaci\u00f3n de Cabildos Ukaw\u00b4esx Nasa C\u00b4xhab IPSI, convoca a la comunidad del Territorio Sath Tama Kiwe a participar de la Audiencia P\u00fablica de Rendici\u00f3n de Cuentas que se realizar\u00e1 el pr\u00f3ximo 29 de junio de 2021, a partir de las 9:00 p.m., en la Planta Pro celulosa Caldono Cauca.<\/p>\n\n\n\n<p><strong>Inscripci\u00f3n de propuestas, preguntas o necesidades de intervenci\u00f3n:<\/strong><\/p>\n\n\n\n<p>La inscripci\u00f3n de propuestas, preguntas o necesidades de intervenci\u00f3n podr\u00e1n radicarse antes de la Audiencia P\u00fablica, es decir hasta el 28 de junio de 2021.<\/p>\n\n\n\n<p>Lugar de inscripci\u00f3n y radicaci\u00f3n de propuestas, preguntas o necesidades de intervenci\u00f3n:<\/p>\n\n\n\n<ol class=\"wp-block-list\" type=\"1\"><li>SIAU. Ubicada en la direcci\u00f3n: Carrera 3 5 41 Barrio Bol\u00edvar. De 9am-12m y de 2 a 4 pm<\/li><li>Se podr\u00e1 realizar la inscripci\u00f3n de la pregunta o propuesta al correo ukawesxipsi@gmail.com, cumpliendo con las fechas se\u00f1aladas en el aparte anterior, sin embargo en el caso del horario, las mismas se podr\u00e1n enviar a cualquier hora del d\u00eda, hasta el d\u00eda 28 de junio de 2021.<\/li><\/ol>\n\n\n\n<p>La rendici\u00f3n de cuentas se realizar\u00e1 sobre resultados alcanzados con corte a 31 de diciembre de la vigencia anterior, los cuales pueden consultarse en la Oficina Administraci\u00f3n y Gesti\u00f3n, o a trav\u00e9s de internet en la p\u00e1gina web http <a href=\"http:\/\/www.ukawesxnasacxhab.org\/\">http:\/\/www.ukawesxnasacxhab.org\/<\/a> link Socio Cultural, opci\u00f3n Programa de salud y luego IPSI Ukawesx y clickeando en RENDICI\u00d3N DE CUENTAS, donde se alojan: Plan de Rendici\u00f3n de Cuentas 2020, Convocatoria P\u00fablica e Instructivo para la audiencia p\u00fablica de rendici\u00f3n de cuentas, Formato de Inscripci\u00f3n de intervenciones, preguntas o propuestas y los informes de gesti\u00f3n y resultados.<\/p>\n\n\n\n<p>A la vez ser\u00e1n incluidos los temas espec\u00edficos de inter\u00e9s de la comunidad que sean requeridos a la Asociaci\u00f3n de Cabildos Ukaw\u00b4esx Nasa C\u00b4xhab IPSI.<\/p>\n\n\n\n<p>Esta audiencia es uno de los espacios de participaci\u00f3n ciudadana, control social, transparencia y lucha contra la corrupci\u00f3n.<\/p>\n\n\n\n<p class=\"has-text-align-left\"><strong>FREDY ALEXANDER CAMPO BOMBA<\/strong><\/p>\n\n\n\n<p class=\"has-text-align-left\">Representante Legal <\/p>\n\n\n\n<p><\/p>\n\n\n\n<p><strong>YASVEIDY LORENA PITO<\/strong><\/p>\n\n\n\n<p>Coordinadora General<\/p>\n","protected":false},"excerpt":{"rendered":"<p>CONVOCATORIA P\u00daBLICA AUDIENCIA P\u00daBLICA RENDICION DE CUENTAS A LA COMUNIDAD Caldono, 01 de abril de 2021 La Asociaci\u00f3n de Cabildos Ukaw\u00b4esx Nasa C\u00b4xhab IPSI, convoca a la comunidad del Territorio Sath Tama Kiwe a participar de la Audiencia P\u00fablica de Rendici\u00f3n de Cuentas que se realizar\u00e1 el pr\u00f3ximo 29 de junio de 2021, a partir [&hellip;]<\/p>\n","protected":false},"author":1,"featured_media":804,"parent":313,"menu_order":3,"comment_status":"closed","ping_status":"closed","template":"","meta":{"h5ap_radio_sources":[],"footnotes":""},"class_list":["post-833","page","type-page","status-publish","has-post-thumbnail","hentry"],"_links":{"self":[{"href":"https:\/\/www.ukawesxnasacxhab.org\/index.php?rest_route=\/wp\/v2\/pages\/833","targetHints":{"allow":["GET"]}}],"collection":[{"href":"https:\/\/www.ukawesxnasacxhab.org\/index.php?rest_route=\/wp\/v2\/pages"}],"about":[{"href":"https:\/\/www.ukawesxnasacxhab.org\/index.php?rest_route=\/wp\/v2\/types\/page"}],"author":[{"embeddable":true,"href":"https:\/\/www.ukawesxnasacxhab.org\/index.php?rest_route=\/wp\/v2\/users\/1"}],"replies":[{"embeddable":true,"href":"https:\/\/www.ukawesxnasacxhab.org\/index.php?rest_route=%2Fwp%2Fv2%2Fcomments&post=833"}],"version-history":[{"count":5,"href":"https:\/\/www.ukawesxnasacxhab.org\/index.php?rest_route=\/wp\/v2\/pages\/833\/revisions"}],"predecessor-version":[{"id":970,"href":"https:\/\/www.ukawesxnasacxhab.org\/index.php?rest_route=\/wp\/v2\/pages\/833\/revisions\/970"}],"up":[{"embeddable":true,"href":"https:\/\/www.ukawesxnasacxhab.org\/index.php?rest_route=\/wp\/v2\/pages\/313"}],"wp:featuredmedia":[{"embeddable":true,"href":"https:\/\/www.ukawesxnasacxhab.org\/index.php?rest_route=\/wp\/v2\/media\/804"}],"wp:attachment":[{"href":"https:\/\/www.ukawesxnasacxhab.org\/index.php?rest_route=%2Fwp%2Fv2%2Fmedia&parent=833"}],"curies":[{"name":"wp","href":"https:\/\/api.w.org\/{rel}","templated":true}]}}