{"id":971,"date":"2021-07-01T17:30:20","date_gmt":"2021-07-01T22:30:20","guid":{"rendered":"https:\/\/www.ukawesxnasacxhab.org\/?page_id=971"},"modified":"2021-07-01T18:15:06","modified_gmt":"2021-07-01T23:15:06","slug":"reglamento-para-la-rendicion-de-cuentas-asociacion-de-cabildos-ukawesx-nasa-cxhab","status":"publish","type":"page","link":"https:\/\/www.ukawesxnasacxhab.org\/?page_id=971","title":{"rendered":"Reglamento 2020"},"content":{"rendered":"\n<p class=\"has-text-align-center\"><strong>REGLAMENTO PARA LA RENDICI\u00d3N DE CUENTAS ASOCIACION DE CABILDOS UKAW\u00b4ESX NASA C\u00b4XHAB<\/strong><\/p>\n\n\n\n<p>Con el fin de garantizar el buen desarrollo de la Asociaci\u00f3n de Cabildos Ind\u00edgenas Ukaw\u00b4esx Nasa C\u00b4xhab IPSI, nombrar\u00e1 un moderador, coordinar el manejo de los tiempos e intervenciones de los participantes. &nbsp;Se determinan las siguientes funciones del moderador:<\/p>\n\n\n\n<ul class=\"wp-block-list\"><li>Presentar el orden del d\u00eda, explicando brevemente con se tiene planeado como se desarrolle.<\/li><li>Garantizar que todos los comuneros respecten el tiempo asignado.<\/li><li>Moderar que las intervenciones est\u00e9n relacionadas con la rendici\u00f3n de cuentas y la pregunta inscrita; intervenciones en tem\u00e1ticas diferentes no ser\u00e1n permitidas a la rendici\u00f3n de cuenta no ser\u00e1n permitidas<\/li><li>Moderar el desarrollo de la Rendici\u00f3n de Cuentas.<\/li><li>Velar porque haya respecto frente a cada intervenci\u00f3n, as\u00ed como las opiniones, comentarios, sugerencias, propuestas, preguntas y\/o reclamos que se presenten en desarrollo de cada una de las intervenciones. Es importante tener en cuenta que la Rendici\u00f3n de Cuentas es un ejercicio democr\u00e1tico que va redundar en el mejoramiento de las acciones que lleva a cabo la organizaci\u00f3n, y debe evitarse que se llegue a un debate.<\/li><li>Garantizar que la respuesta dada por la entidad, responda adecuadamente las opiniones, comentarios, sugerencias, propuestas, preguntas y\/o reclamos que se presenten en desarrollo de cada una de las intervenciones.<\/li><li>&nbsp;<\/li><\/ul>\n\n\n\n<p><strong>REGLAS DE LA RENDICION DE CUENTAS<\/strong><\/p>\n\n\n\n<p>1. El d\u00eda de la rendici\u00f3n de cuenta los comuneros deber\u00e1n presentarse en el lugar escogido para tal fin con 15 (quince) minutos de antelaci\u00f3n a la hora programada.<\/p>\n\n\n\n<p>2. Los participantes firmaran la asistencia, formato para realizar preguntas y la evaluaci\u00f3n del evento.<\/p>\n\n\n\n<p>3. No se permitir\u00e1 el ingreso de personas que est\u00e9n bajo la influencia del alcohol o drogas.<\/p>\n\n\n\n<p>4. Los participantes no podr\u00e1n fomentar des\u00f3rdenes antes ni durante el desarrollo de la rendici\u00f3n de cuentas.<\/p>\n\n\n\n<ul class=\"wp-block-list\"><li>Los comuneros que quieran intervenir y que no radicaron sus propuestas con anterioridad, podr\u00e1n hacerlo el d\u00eda de la rendici\u00f3n de cuentas, siempre y cuando cumplan con los siguientes par\u00e1metros:<\/li><\/ul>\n\n\n\n<ul class=\"wp-block-list\"><li>Diligenciar el formato para la inscripci\u00f3n de intervenciones, entregado por el encargado del SIAU de la IPSI \u00f3 que podr\u00e1n descargar previamente de la p\u00e1gina Web: <a href=\"http:\/\/www.ukawesxnasacxhab.org\/\">http:\/\/www.ukawesxnasacxhab.org\/<\/a>&#8211; Entregar el formato debidamente diligenciado con letra legible a los colaboradores que apoyan en el evento, quienes deber\u00e1n entregarlas inmediatamente al moderador de la Rendici\u00f3n de Cuentas.<\/li><\/ul>\n\n\n\n<p>5. El Moderador del evento, clasificar\u00e1 y elegir\u00e1 las intervenciones a las que se les dar\u00e1 respuesta durante la audiencia, entreg\u00e1ndolas de manera oportuna a la Coordinadora General de la IPSI Ukaw\u00b4esx Nasa Cx\u00b4hab IPSI, para que d\u00e9 respuesta.<\/p>\n\n\n\n<p>6. Cierre y evaluaci\u00f3n de la rendici\u00f3n de cuentas: En esta secci\u00f3n se presentar\u00e1n las conclusiones de la Coordinaci\u00f3n General y se orientar\u00e1 a los participantes a diligenciar la encuesta de evaluaci\u00f3n de la jornada de rendici\u00f3n de cuentas, entregada al momento del ingreso.<\/p>\n\n\n\n<p>7. Si existen preguntas que no puedan responderse durante la rendici\u00f3n de cuentas quedar\u00e1n registradas y consignadas, para luego ser respondidas en el Informe de Seguimiento a la Rendici\u00f3n de Cuentas.<\/p>\n\n\n\n<p>DESPU\u00c9S DE LA AUDIENCIA P\u00daBLICA DE RENDICI\u00d3N DE CUENTAS<\/p>\n\n\n\n<p>Para divulgar las conclusiones de la audiencia p\u00fablica, se elabora un acta final de la audiencia p\u00fablica d\u00f3nde se resume lo expuesto y los principales comentarios y preguntas recibidas de la ciudadan\u00eda durante la audiencia, que ser\u00e1 publicada en la p\u00e1gina web de la instituci\u00f3n. Con base en las propuestas, quejas y expectativas planteadas por la ciudadan\u00eda, se formula un plan de mejoramiento, con el fin de mejorar y retroalimentar la gesti\u00f3n institucional y permitir a la comunidad establecer en qu\u00e9 medida sus propuestas o inquietudes son tenidas en cuenta por parte de la instituci\u00f3n. Igualmente, se presentar\u00e1 una evaluaci\u00f3n de la experiencia, basada en los resultados obtenidos de la encuesta de evaluaci\u00f3n. Este informe ser\u00e1 publicado en la p\u00e1gina Web de la Instituci\u00f3n. <a href=\"http:\/\/www.ukawesxnasacxhab.org\/\">http:\/\/www.ukawesxnasacxhab.org\/<\/a>&#8211;<\/p>\n","protected":false},"excerpt":{"rendered":"<p>REGLAMENTO PARA LA RENDICI\u00d3N DE CUENTAS ASOCIACION DE CABILDOS UKAW\u00b4ESX NASA C\u00b4XHAB Con el fin de garantizar el buen desarrollo de la Asociaci\u00f3n de Cabildos Ind\u00edgenas Ukaw\u00b4esx Nasa C\u00b4xhab IPSI, nombrar\u00e1 un moderador, coordinar el manejo de los tiempos e intervenciones de los participantes. &nbsp;Se determinan las siguientes funciones del moderador: Presentar el orden del [&hellip;]<\/p>\n","protected":false},"author":1,"featured_media":0,"parent":833,"menu_order":1,"comment_status":"closed","ping_status":"closed","template":"","meta":{"h5ap_radio_sources":[],"footnotes":""},"class_list":["post-971","page","type-page","status-publish","hentry"],"_links":{"self":[{"href":"https:\/\/www.ukawesxnasacxhab.org\/index.php?rest_route=\/wp\/v2\/pages\/971","targetHints":{"allow":["GET"]}}],"collection":[{"href":"https:\/\/www.ukawesxnasacxhab.org\/index.php?rest_route=\/wp\/v2\/pages"}],"about":[{"href":"https:\/\/www.ukawesxnasacxhab.org\/index.php?rest_route=\/wp\/v2\/types\/page"}],"author":[{"embeddable":true,"href":"https:\/\/www.ukawesxnasacxhab.org\/index.php?rest_route=\/wp\/v2\/users\/1"}],"replies":[{"embeddable":true,"href":"https:\/\/www.ukawesxnasacxhab.org\/index.php?rest_route=%2Fwp%2Fv2%2Fcomments&post=971"}],"version-history":[{"count":4,"href":"https:\/\/www.ukawesxnasacxhab.org\/index.php?rest_route=\/wp\/v2\/pages\/971\/revisions"}],"predecessor-version":[{"id":985,"href":"https:\/\/www.ukawesxnasacxhab.org\/index.php?rest_route=\/wp\/v2\/pages\/971\/revisions\/985"}],"up":[{"embeddable":true,"href":"https:\/\/www.ukawesxnasacxhab.org\/index.php?rest_route=\/wp\/v2\/pages\/833"}],"wp:attachment":[{"href":"https:\/\/www.ukawesxnasacxhab.org\/index.php?rest_route=%2Fwp%2Fv2%2Fmedia&parent=971"}],"curies":[{"name":"wp","href":"https:\/\/api.w.org\/{rel}","templated":true}]}}